{"id":5230,"date":"2021-10-07T12:11:48","date_gmt":"2021-10-07T11:11:48","guid":{"rendered":"https:\/\/test.schindlerattorneys.com\/?page_id=5230"},"modified":"2022-01-25T16:13:45","modified_gmt":"2022-01-25T15:13:45","slug":"press","status":"publish","type":"page","link":"https:\/\/www.schindlerattorneys.com\/de\/press\/","title":{"rendered":"Press"},"content":{"rendered":"\t\t<div data-elementor-type=\"wp-page\" data-elementor-id=\"5230\" class=\"elementor elementor-5230\">\n\t\t\t\t\t\t<section class=\"elementor-section elementor-top-section elementor-element elementor-element-32acba4 elementor-section-boxed elementor-section-height-default elementor-section-height-default\" data-id=\"32acba4\" data-element_type=\"section\" data-e-type=\"section\">\n\t\t\t\t\t\t<div class=\"elementor-container elementor-column-gap-default\">\n\t\t\t\t\t<div class=\"elementor-column elementor-col-100 elementor-top-column elementor-element elementor-element-3c61b13 ot-flex-column-vertical\" data-id=\"3c61b13\" data-element_type=\"column\" data-e-type=\"column\">\n\t\t\t<div class=\"elementor-widget-wrap elementor-element-populated\">\n\t\t\t\t\t\t<div class=\"elementor-element elementor-element-5f17b76 elementor-widget elementor-widget-ipostslist\" data-id=\"5f17b76\" data-element_type=\"widget\" data-e-type=\"widget\" data-widget_type=\"ipostslist.default\">\n\t\t\t\t<div class=\"elementor-widget-container\">\n\t\t\t\t\t \r\n<article id=\"post-8338\" class=\"post-box masonry-post-item post-8338 post type-post status-publish format-standard has-post-thumbnail hentry category-press category-events\">\r\n\t<div class=\"post-inner\">\r\n\t    \r\n\t        <div class=\"entry-media post-cat-abs\">\r\n\t            <a href=\"https:\/\/www.schindlerattorneys.com\/de\/2025\/06\/12\/ceo-panel-2025-kein-stein-am-anderen\/\">\r\n\t                <img fetchpriority=\"high\" decoding=\"async\" width=\"900\" height=\"676\" src=\"https:\/\/www.schindlerattorneys.com\/wp-content\/uploads\/2025\/06\/CEO-Panel_008-e1749734797594.jpg\" class=\"attachment-post-thumbnail size-post-thumbnail wp-post-image\" alt=\"\" \/>\t            <\/a>\r\n\t            <div class=\"post-cat\"><div class=\"posted-in\"><a href=\"https:\/\/www.schindlerattorneys.com\/de\/category\/press\/\" rel=\"category tag\">Press<\/a> <a href=\"https:\/\/www.schindlerattorneys.com\/de\/category\/events\/\" rel=\"category tag\">Events<\/a><\/div><\/div>\t        <\/div>\r\n\t        \r\n\t    \r\n\t    <div class=\"inner-post\">\r\n\t        <div class=\"entry-header\">\r\n\r\n\t            \t            <div class=\"entry-meta\">\r\n\t            \t<span class=\"posted-on\"><a href=\"https:\/\/www.schindlerattorneys.com\/de\/2025\/06\/12\/ceo-panel-2025-kein-stein-am-anderen\/\" rel=\"bookmark\"><time class=\"entry-date published\" datetime=\"2025-06-12T11:25:50+01:00\">12.06.2025<\/time><\/a><\/span><span class=\"byline\"><a class=\"url fn n\" href=\"https:\/\/www.schindlerattorneys.com\/de\/author\/julia-schallenberg\/\">Julia Schallenberg<\/a><\/span><span class=\"comment-num\"><a href=\"https:\/\/www.schindlerattorneys.com\/de\/2025\/06\/12\/ceo-panel-2025-kein-stein-am-anderen\/#respond\">0 Comments<\/a><\/span>\t            <\/div><!-- .entry-meta -->\r\n\t            \r\n\t            <h4 class=\"entry-title\"><a class=\"title-link\" href=\"https:\/\/www.schindlerattorneys.com\/de\/2025\/06\/12\/ceo-panel-2025-kein-stein-am-anderen\/\" rel=\"bookmark\">CEO Panel 2025 \u2013 Kein Stein am anderen<\/a><\/h4>\r\n\t        <\/div><!-- .entry-header -->\r\n\r\n\t        <div class=\"entry-summary the-excerpt\">\r\n\r\n\t            <p>TREND WIRTSCHAFT<\/p>\n<p>Welche WEGE AUS DER REZESSION in der aktuellen geopolitischen Lage aus Sicht von Unternehmenslenkern am schnellsten ans Ziel f\u00fchren k\u00f6nnten.<\/p>\n\r\n\t        <\/div><!-- .entry-content -->\r\n\t        <div class=\"entry-footer\">\r\n\t        \t<a href=\"https:\/\/www.schindlerattorneys.com\/de\/2025\/06\/12\/ceo-panel-2025-kein-stein-am-anderen\/\" class=\"btn-details\"> READ MORE<\/a>\t        <\/div>\r\n\t    <\/div>\r\n\t<\/div>\r\n<\/article> \r\n<article id=\"post-8308\" class=\"post-box masonry-post-item post-8308 post type-post status-publish format-standard hentry category-press tag-top-news\">\r\n\t<div class=\"post-inner\">\r\n\t    \t\t\t\r\n\t\t\t<div class=\"entry-media\">\r\n\t        \t<div class=\"post-cat\"><div class=\"posted-in\"><a href=\"https:\/\/www.schindlerattorneys.com\/de\/category\/press\/\" rel=\"category tag\">Press<\/a><\/div><\/div>\t        <\/div>\r\n\r\n\t    \r\n\t    <div class=\"inner-post\">\r\n\t        <div class=\"entry-header\">\r\n\r\n\t            \t            <div class=\"entry-meta\">\r\n\t            \t<span class=\"posted-on\"><a href=\"https:\/\/www.schindlerattorneys.com\/de\/2025\/05\/15\/schindler-attorneys-advised-shareholders-of-uhl-bau-on-an-investment-by-fsn-capital\/\" rel=\"bookmark\"><time class=\"entry-date published\" datetime=\"2025-05-15T17:25:18+01:00\">15.05.2025<\/time><\/a><\/span><span class=\"byline\"><a class=\"url fn n\" href=\"https:\/\/www.schindlerattorneys.com\/de\/author\/adm_shdl\/\">admin<\/a><\/span><span class=\"comment-num\"><a href=\"https:\/\/www.schindlerattorneys.com\/de\/2025\/05\/15\/schindler-attorneys-advised-shareholders-of-uhl-bau-on-an-investment-by-fsn-capital\/#respond\">0 Comments<\/a><\/span>\t            <\/div><!-- .entry-meta -->\r\n\t            \r\n\t            <h4 class=\"entry-title\"><a class=\"title-link\" href=\"https:\/\/www.schindlerattorneys.com\/de\/2025\/05\/15\/schindler-attorneys-advised-shareholders-of-uhl-bau-on-an-investment-by-fsn-capital\/\" rel=\"bookmark\">SCHINDLER ATTORNEYS ADVISED SHAREHOLDERS OF UHL BAU ON AN INVESTMENT BY FSN CAPITAL<\/a><\/h4>\r\n\t        <\/div><!-- .entry-header -->\r\n\r\n\t        <div class=\"entry-summary the-excerpt\">\r\n\r\n\t            <p>PRESS RELEASE Vienna, 14 May 2025 \u2013 FSN Capital Compass I has signed an agreement to invest in UHL Bau as a strategic partner to elevate the company\u2019s position as a leading services provider in the Austrian civil engineering market for critical infrastructure, including energy and water. The investment in UHL Bau is the first [&hellip;]<\/p>\n\r\n\t        <\/div><!-- .entry-content -->\r\n\t        <div class=\"entry-footer\">\r\n\t        \t<a href=\"https:\/\/www.schindlerattorneys.com\/de\/2025\/05\/15\/schindler-attorneys-advised-shareholders-of-uhl-bau-on-an-investment-by-fsn-capital\/\" class=\"btn-details\"> READ MORE<\/a>\t        <\/div>\r\n\t    <\/div>\r\n\t<\/div>\r\n<\/article> \r\n<article id=\"post-8325\" class=\"post-box masonry-post-item post-8325 post type-post status-publish format-standard hentry category-press\">\r\n\t<div class=\"post-inner\">\r\n\t    \t\t\t\r\n\t\t\t<div class=\"entry-media\">\r\n\t        \t<div class=\"post-cat\"><div class=\"posted-in\"><a href=\"https:\/\/www.schindlerattorneys.com\/de\/category\/press\/\" rel=\"category tag\">Press<\/a><\/div><\/div>\t        <\/div>\r\n\r\n\t    \r\n\t    <div class=\"inner-post\">\r\n\t        <div class=\"entry-header\">\r\n\r\n\t            \t            <div class=\"entry-meta\">\r\n\t            \t<span class=\"posted-on\"><a href=\"https:\/\/www.schindlerattorneys.com\/de\/2025\/05\/14\/schindler-attorneys-advised-scaleup-on-its-strategic-investment-in-xitrust\/\" rel=\"bookmark\"><time class=\"entry-date published\" datetime=\"2025-05-14T17:49:32+01:00\">14.05.2025<\/time><\/a><\/span><span class=\"byline\"><a class=\"url fn n\" href=\"https:\/\/www.schindlerattorneys.com\/de\/author\/adm_shdl\/\">admin<\/a><\/span><span class=\"comment-num\"><a href=\"https:\/\/www.schindlerattorneys.com\/de\/2025\/05\/14\/schindler-attorneys-advised-scaleup-on-its-strategic-investment-in-xitrust\/#respond\">0 Comments<\/a><\/span>\t            <\/div><!-- .entry-meta -->\r\n\t            \r\n\t            <h4 class=\"entry-title\"><a class=\"title-link\" href=\"https:\/\/www.schindlerattorneys.com\/de\/2025\/05\/14\/schindler-attorneys-advised-scaleup-on-its-strategic-investment-in-xitrust\/\" rel=\"bookmark\">SCHINDLER ATTORNEYS ADVISED SCALEUP ON ITS STRATEGIC INVESTMENT IN XITRUST<\/a><\/h4>\r\n\t        <\/div><!-- .entry-header -->\r\n\r\n\t        <div class=\"entry-summary the-excerpt\">\r\n\r\n\t            <p>PRESS RELEASE Vienna, 15 April 2025 \u2013 Schindler Attorneys advised growth investor ScaleUp Capital on its acquisition of a significant minority stake in XiTrust, a leading provider of enterprise-grade e-signature solutions for the DACH region: Established in 2014 and based in Graz, Austria, XiTrust\u2019s deep understanding of the DACH markets, regulations, and local business needs [&hellip;]<\/p>\n\r\n\t        <\/div><!-- .entry-content -->\r\n\t        <div class=\"entry-footer\">\r\n\t        \t<a href=\"https:\/\/www.schindlerattorneys.com\/de\/2025\/05\/14\/schindler-attorneys-advised-scaleup-on-its-strategic-investment-in-xitrust\/\" class=\"btn-details\"> READ MORE<\/a>\t        <\/div>\r\n\t    <\/div>\r\n\t<\/div>\r\n<\/article> \r\n<article id=\"post-7809\" class=\"post-box masonry-post-item post-7809 post type-post status-publish format-standard has-post-thumbnail hentry category-press\">\r\n\t<div class=\"post-inner\">\r\n\t    \r\n\t        <div class=\"entry-media post-cat-abs\">\r\n\t            <a href=\"https:\/\/www.schindlerattorneys.com\/de\/2024\/12\/04\/schindler-attorneys-advised-gtcr-on-its-usd-1-33-billion-investment-in-tricentis-transaction-valued-usd-at-4-5billion\/\">\r\n\t                <img decoding=\"async\" width=\"2560\" height=\"1711\" src=\"https:\/\/www.schindlerattorneys.com\/wp-content\/uploads\/2024\/12\/SCHINDLER-ATTORNEYS-ADVISED-GTCR-ON-ITS-USD-1.33-BILLION-INVESTMENT-IN-TRICENTIS-Featured-image-.jpg\" class=\"attachment-post-thumbnail size-post-thumbnail wp-post-image\" alt=\"SCHINDLER ATTORNEYS ADVISED\u00a0GTCR ON\u00a0ITS\u00a0USD\u00a01.33 BILLION INVESTMENT IN TRICENTIS Featured image\" srcset=\"https:\/\/www.schindlerattorneys.com\/wp-content\/uploads\/2024\/12\/SCHINDLER-ATTORNEYS-ADVISED-GTCR-ON-ITS-USD-1.33-BILLION-INVESTMENT-IN-TRICENTIS-Featured-image-.jpg 2560w, https:\/\/www.schindlerattorneys.com\/wp-content\/uploads\/2024\/12\/SCHINDLER-ATTORNEYS-ADVISED-GTCR-ON-ITS-USD-1.33-BILLION-INVESTMENT-IN-TRICENTIS-Featured-image--300x201.jpg 300w, https:\/\/www.schindlerattorneys.com\/wp-content\/uploads\/2024\/12\/SCHINDLER-ATTORNEYS-ADVISED-GTCR-ON-ITS-USD-1.33-BILLION-INVESTMENT-IN-TRICENTIS-Featured-image--1024x684.jpg 1024w, https:\/\/www.schindlerattorneys.com\/wp-content\/uploads\/2024\/12\/SCHINDLER-ATTORNEYS-ADVISED-GTCR-ON-ITS-USD-1.33-BILLION-INVESTMENT-IN-TRICENTIS-Featured-image--768x513.jpg 768w, https:\/\/www.schindlerattorneys.com\/wp-content\/uploads\/2024\/12\/SCHINDLER-ATTORNEYS-ADVISED-GTCR-ON-ITS-USD-1.33-BILLION-INVESTMENT-IN-TRICENTIS-Featured-image--1536x1027.jpg 1536w, https:\/\/www.schindlerattorneys.com\/wp-content\/uploads\/2024\/12\/SCHINDLER-ATTORNEYS-ADVISED-GTCR-ON-ITS-USD-1.33-BILLION-INVESTMENT-IN-TRICENTIS-Featured-image--2048x1369.jpg 2048w, https:\/\/www.schindlerattorneys.com\/wp-content\/uploads\/2024\/12\/SCHINDLER-ATTORNEYS-ADVISED-GTCR-ON-ITS-USD-1.33-BILLION-INVESTMENT-IN-TRICENTIS-Featured-image--18x12.jpg 18w\" sizes=\"(max-width: 2560px) 100vw, 2560px\" \/>\t            <\/a>\r\n\t            <div class=\"post-cat\"><div class=\"posted-in\"><a href=\"https:\/\/www.schindlerattorneys.com\/de\/category\/press\/\" rel=\"category tag\">Press<\/a><\/div><\/div>\t        <\/div>\r\n\t        \r\n\t    \r\n\t    <div class=\"inner-post\">\r\n\t        <div class=\"entry-header\">\r\n\r\n\t            \t            <div class=\"entry-meta\">\r\n\t            \t<span class=\"posted-on\"><a href=\"https:\/\/www.schindlerattorneys.com\/de\/2024\/12\/04\/schindler-attorneys-advised-gtcr-on-its-usd-1-33-billion-investment-in-tricentis-transaction-valued-usd-at-4-5billion\/\" rel=\"bookmark\"><time class=\"entry-date published\" datetime=\"2024-12-04T14:36:26+01:00\">04.12.2024<\/time><\/a><\/span><span class=\"byline\"><a class=\"url fn n\" href=\"https:\/\/www.schindlerattorneys.com\/de\/author\/adm_shdl\/\">admin<\/a><\/span><span class=\"comment-num\"><a href=\"https:\/\/www.schindlerattorneys.com\/de\/2024\/12\/04\/schindler-attorneys-advised-gtcr-on-its-usd-1-33-billion-investment-in-tricentis-transaction-valued-usd-at-4-5billion\/#respond\">0 Comments<\/a><\/span>\t            <\/div><!-- .entry-meta -->\r\n\t            \r\n\t            <h4 class=\"entry-title\"><a class=\"title-link\" href=\"https:\/\/www.schindlerattorneys.com\/de\/2024\/12\/04\/schindler-attorneys-advised-gtcr-on-its-usd-1-33-billion-investment-in-tricentis-transaction-valued-usd-at-4-5billion\/\" rel=\"bookmark\">SCHINDLER ATTORNEYS ADVISED\u00a0GTCR ON\u00a0ITS\u00a0USD\u00a01.33 BILLION INVESTMENT IN TRICENTIS<\/a><\/h4>\r\n\t        <\/div><!-- .entry-header -->\r\n\r\n\t        <div class=\"entry-summary the-excerpt\">\r\n\r\n\t            <p>Vienna, December 3, 2024 \u2013 Schindler Attorneys represented GTCR, a leading private equity firm, on its definitive agreement to invest $1.33 billion in Tricentis, a global leader in continuous testing and quality engineering, valuing the enterprise at $4.5 billion and further fueling Tricentis\u2019 growth and innovation.&nbsp; The agreement was approved by global software investor Insight [&hellip;]<\/p>\n\r\n\t        <\/div><!-- .entry-content -->\r\n\t        <div class=\"entry-footer\">\r\n\t        \t<a href=\"https:\/\/www.schindlerattorneys.com\/de\/2024\/12\/04\/schindler-attorneys-advised-gtcr-on-its-usd-1-33-billion-investment-in-tricentis-transaction-valued-usd-at-4-5billion\/\" class=\"btn-details\"> READ MORE<\/a>\t        <\/div>\r\n\t    <\/div>\r\n\t<\/div>\r\n<\/article> \r\n<article id=\"post-7807\" class=\"post-box masonry-post-item post-7807 post type-post status-publish format-standard hentry category-press\">\r\n\t<div class=\"post-inner\">\r\n\t    \t\t\t\r\n\t\t\t<div class=\"entry-media\">\r\n\t        \t<div class=\"post-cat\"><div class=\"posted-in\"><a href=\"https:\/\/www.schindlerattorneys.com\/de\/category\/press\/\" rel=\"category tag\">Press<\/a><\/div><\/div>\t        <\/div>\r\n\r\n\t    \r\n\t    <div class=\"inner-post\">\r\n\t        <div class=\"entry-header\">\r\n\r\n\t            \t            <div class=\"entry-meta\">\r\n\t            \t<span class=\"posted-on\"><a href=\"https:\/\/www.schindlerattorneys.com\/de\/2024\/10\/01\/dr-michaela-pelinka-verstarkt-schindler-attorneys-als-neue-partnerin-im-bereich-immobilienrecht-und-ma\/\" rel=\"bookmark\"><time class=\"entry-date published\" datetime=\"2024-10-01T14:29:00+01:00\">01.10.2024<\/time><\/a><\/span><span class=\"byline\"><a class=\"url fn n\" href=\"https:\/\/www.schindlerattorneys.com\/de\/author\/julia-schallenberg\/\">Julia Schallenberg<\/a><\/span><span class=\"comment-num\"><a href=\"https:\/\/www.schindlerattorneys.com\/de\/2024\/10\/01\/dr-michaela-pelinka-verstarkt-schindler-attorneys-als-neue-partnerin-im-bereich-immobilienrecht-und-ma\/#respond\">0 Comments<\/a><\/span>\t            <\/div><!-- .entry-meta -->\r\n\t            \r\n\t            <h4 class=\"entry-title\"><a class=\"title-link\" href=\"https:\/\/www.schindlerattorneys.com\/de\/2024\/10\/01\/dr-michaela-pelinka-verstarkt-schindler-attorneys-als-neue-partnerin-im-bereich-immobilienrecht-und-ma\/\" rel=\"bookmark\">Dr. Michaela Pelinka\u00a0verst\u00e4rkt\u00a0Schindler Attorneys als neue Partnerin\u00a0im Bereich Immobilienrecht und M&amp;A<\/a><\/h4>\r\n\t        <\/div><!-- .entry-header -->\r\n\r\n\t        <div class=\"entry-summary the-excerpt\">\r\n\r\n\t            <p>Die auf Liegenschafts- und Mietrecht sowie M&amp;A und Gesellschaftsrecht spezialisierte Rechtsanw\u00e4ltin und bringt mehr als 15 Jahre Expertise bei internationalen Transaktionen mit und wird k\u00fcnftig die St\u00e4rken der Kanzlei in diesen Bereichen weiter ausbauen. Zudem wird sie gemeinsam mit Partner Martin Abram die Immobilienpraxis leiten. Dr. Pelinka wechselt von der Kanzlei bpv H\u00fcgel, wo sie [&hellip;]<\/p>\n\r\n\t        <\/div><!-- .entry-content -->\r\n\t        <div class=\"entry-footer\">\r\n\t        \t<a href=\"https:\/\/www.schindlerattorneys.com\/de\/2024\/10\/01\/dr-michaela-pelinka-verstarkt-schindler-attorneys-als-neue-partnerin-im-bereich-immobilienrecht-und-ma\/\" class=\"btn-details\"> READ MORE<\/a>\t        <\/div>\r\n\t    <\/div>\r\n\t<\/div>\r\n<\/article> \r\n<article id=\"post-7784\" class=\"post-box masonry-post-item post-7784 post type-post status-publish format-standard has-post-thumbnail hentry category-press category-events\">\r\n\t<div class=\"post-inner\">\r\n\t    \r\n\t        <div class=\"entry-media post-cat-abs\">\r\n\t            <a href=\"https:\/\/www.schindlerattorneys.com\/de\/2024\/06\/18\/jubilaumsfeier-im-wurdigen-rahmen\/\">\r\n\t                <img decoding=\"async\" width=\"2560\" height=\"1711\" src=\"https:\/\/www.schindlerattorneys.com\/wp-content\/uploads\/2024\/11\/Schindler24_841_Studiohorst-scaled.jpg\" class=\"attachment-post-thumbnail size-post-thumbnail wp-post-image\" alt=\"\" srcset=\"https:\/\/www.schindlerattorneys.com\/wp-content\/uploads\/2024\/11\/Schindler24_841_Studiohorst-scaled.jpg 2560w, https:\/\/www.schindlerattorneys.com\/wp-content\/uploads\/2024\/11\/Schindler24_841_Studiohorst-300x201.jpg 300w, https:\/\/www.schindlerattorneys.com\/wp-content\/uploads\/2024\/11\/Schindler24_841_Studiohorst-1024x684.jpg 1024w, https:\/\/www.schindlerattorneys.com\/wp-content\/uploads\/2024\/11\/Schindler24_841_Studiohorst-768x513.jpg 768w, https:\/\/www.schindlerattorneys.com\/wp-content\/uploads\/2024\/11\/Schindler24_841_Studiohorst-1536x1027.jpg 1536w, https:\/\/www.schindlerattorneys.com\/wp-content\/uploads\/2024\/11\/Schindler24_841_Studiohorst-2048x1369.jpg 2048w, https:\/\/www.schindlerattorneys.com\/wp-content\/uploads\/2024\/11\/Schindler24_841_Studiohorst-18x12.jpg 18w\" sizes=\"(max-width: 2560px) 100vw, 2560px\" \/>\t            <\/a>\r\n\t            <div class=\"post-cat\"><div class=\"posted-in\"><a href=\"https:\/\/www.schindlerattorneys.com\/de\/category\/press\/\" rel=\"category tag\">Press<\/a> <a href=\"https:\/\/www.schindlerattorneys.com\/de\/category\/events\/\" rel=\"category tag\">Events<\/a><\/div><\/div>\t        <\/div>\r\n\t        \r\n\t    \r\n\t    <div class=\"inner-post\">\r\n\t        <div class=\"entry-header\">\r\n\r\n\t            \t            <div class=\"entry-meta\">\r\n\t            \t<span class=\"posted-on\"><a href=\"https:\/\/www.schindlerattorneys.com\/de\/2024\/06\/18\/jubilaumsfeier-im-wurdigen-rahmen\/\" rel=\"bookmark\"><time class=\"entry-date published\" datetime=\"2024-06-18T11:53:00+01:00\">18.06.2024<\/time><\/a><\/span><span class=\"byline\"><a class=\"url fn n\" href=\"https:\/\/www.schindlerattorneys.com\/de\/author\/julia-schallenberg\/\">Julia Schallenberg<\/a><\/span><span class=\"comment-num\"><a href=\"https:\/\/www.schindlerattorneys.com\/de\/2024\/06\/18\/jubilaumsfeier-im-wurdigen-rahmen\/#respond\">0 Comments<\/a><\/span>\t            <\/div><!-- .entry-meta -->\r\n\t            \r\n\t            <h4 class=\"entry-title\"><a class=\"title-link\" href=\"https:\/\/www.schindlerattorneys.com\/de\/2024\/06\/18\/jubilaumsfeier-im-wurdigen-rahmen\/\" rel=\"bookmark\">Jubil\u00e4umsfeier im w\u00fcrdigen Rahmen<\/a><\/h4>\r\n\t        <\/div><!-- .entry-header -->\r\n\r\n\t        <div class=\"entry-summary the-excerpt\">\r\n\r\n\t            <p>Schindler Attorneys luden im Rahmen des Business &#038;Law Circle zur Ausstellung in die<br \/>\nHeidi Horten Collection<\/p>\n\r\n\t        <\/div><!-- .entry-content -->\r\n\t        <div class=\"entry-footer\">\r\n\t        \t<a href=\"https:\/\/www.schindlerattorneys.com\/de\/2024\/06\/18\/jubilaumsfeier-im-wurdigen-rahmen\/\" class=\"btn-details\"> READ MORE<\/a>\t        <\/div>\r\n\t    <\/div>\r\n\t<\/div>\r\n<\/article><ul class=\"page-pagination none-style\">\n\t<li><span aria-current=\"page\" class=\"page-numbers current\">1<\/span><\/li>\n\t<li><a class=\"page-numbers\" href=\"https:\/\/www.schindlerattorneys.com\/de\/wp-json\/wp\/v2\/pages\/5230\/page\/2\/\">2<\/a><\/li>\n\t<li><a class=\"page-numbers\" href=\"https:\/\/www.schindlerattorneys.com\/de\/wp-json\/wp\/v2\/pages\/5230\/page\/3\/\">3<\/a><\/li>\n\t<li><a class=\"page-numbers\" href=\"https:\/\/www.schindlerattorneys.com\/de\/wp-json\/wp\/v2\/pages\/5230\/page\/4\/\">4<\/a><\/li>\n\t<li><a class=\"page-numbers\" href=\"https:\/\/www.schindlerattorneys.com\/de\/wp-json\/wp\/v2\/pages\/5230\/page\/5\/\">5<\/a><\/li>\n\t<li><a class=\"next page-numbers\" href=\"https:\/\/www.schindlerattorneys.com\/de\/wp-json\/wp\/v2\/pages\/5230\/page\/2\/\"><i class=\"ot-flaticon-right-arrow\"><\/i><\/a><\/li>\n<\/ul>\n\t\t\t\t<\/div>\n\t\t\t\t<\/div>\n\t\t\t\t\t<\/div>\n\t\t<\/div>\n\t\t\t\t\t<\/div>\n\t\t<\/section>\n\t\t\t\t<\/div>\n\t\t","protected":false},"excerpt":{"rendered":"<p>Press 27.09.2021admin0 Comments Lorem ipsum dolor sit Lorem ipsum dolor sit amet, consetetur sadipscing elitr, sed diam nonumy eirmod tempor invidunt ut labore et dolore magna aliquyam erat, sed diam voluptua. At vero eos et accusam et justo duo dolores et ea rebucm laks skacmc lkaslclsa READ MORE<\/p>","protected":false},"author":1,"featured_media":0,"parent":0,"menu_order":0,"comment_status":"closed","ping_status":"closed","template":"","meta":{"_acf_changed":false,"footnotes":""},"class_list":["post-5230","page","type-page","status-publish","hentry"],"acf":[],"_links":{"self":[{"href":"https:\/\/www.schindlerattorneys.com\/de\/wp-json\/wp\/v2\/pages\/5230","targetHints":{"allow":["GET"]}}],"collection":[{"href":"https:\/\/www.schindlerattorneys.com\/de\/wp-json\/wp\/v2\/pages"}],"about":[{"href":"https:\/\/www.schindlerattorneys.com\/de\/wp-json\/wp\/v2\/types\/page"}],"author":[{"embeddable":true,"href":"https:\/\/www.schindlerattorneys.com\/de\/wp-json\/wp\/v2\/users\/1"}],"replies":[{"embeddable":true,"href":"https:\/\/www.schindlerattorneys.com\/de\/wp-json\/wp\/v2\/comments?post=5230"}],"version-history":[{"count":0,"href":"https:\/\/www.schindlerattorneys.com\/de\/wp-json\/wp\/v2\/pages\/5230\/revisions"}],"wp:attachment":[{"href":"https:\/\/www.schindlerattorneys.com\/de\/wp-json\/wp\/v2\/media?parent=5230"}],"curies":[{"name":"wp","href":"https:\/\/api.w.org\/{rel}","templated":true}]}}